{"id":42,"date":"2012-01-08T13:22:25","date_gmt":"2012-01-08T12:22:25","guid":{"rendered":"http:\/\/www.ffw-volkertshausen.de\/wpffw\/?page_id=42"},"modified":"2021-10-13T07:52:54","modified_gmt":"2021-10-13T05:52:54","slug":"kontakt","status":"publish","type":"page","link":"https:\/\/www.ffw-volkertshausen.de\/?page_id=42","title":{"rendered":"Kontakt"},"content":{"rendered":"\n<div class=\"wpcf7 no-js\" id=\"wpcf7-f142-o1\" lang=\"en-US\" dir=\"ltr\" data-wpcf7-id=\"142\">\n<div class=\"screen-reader-response\"><p role=\"status\" aria-live=\"polite\" aria-atomic=\"true\"><\/p> <ul><\/ul><\/div>\n<form action=\"\/index.php?rest_route=%2Fwp%2Fv2%2Fpages%2F42#wpcf7-f142-o1\" method=\"post\" class=\"wpcf7-form init\" aria-label=\"Contact form\" novalidate=\"novalidate\" data-status=\"init\">\n<fieldset class=\"hidden-fields-container\"><input type=\"hidden\" name=\"_wpcf7\" value=\"142\" \/><input type=\"hidden\" name=\"_wpcf7_version\" value=\"6.1.5\" \/><input type=\"hidden\" name=\"_wpcf7_locale\" value=\"en_US\" \/><input type=\"hidden\" name=\"_wpcf7_unit_tag\" value=\"wpcf7-f142-o1\" \/><input type=\"hidden\" name=\"_wpcf7_container_post\" value=\"0\" \/><input type=\"hidden\" name=\"_wpcf7_posted_data_hash\" value=\"\" \/><input type=\"hidden\" name=\"_wpcf7_recaptcha_response\" value=\"\" \/>\n<\/fieldset>\n<p>Ihr Name (Pflichtfeld)\n<\/p>\n<p><span class=\"wpcf7-form-control-wrap\" data-name=\"your-name\"><input size=\"40\" maxlength=\"400\" class=\"wpcf7-form-control wpcf7-text wpcf7-validates-as-required\" aria-required=\"true\" aria-invalid=\"false\" value=\"\" type=\"text\" name=\"your-name\" \/><\/span>\n<\/p>\n<p>Ihre E-Mail-Adresse (Pflichtfeld)\n<\/p>\n<p><span class=\"wpcf7-form-control-wrap\" data-name=\"your-email\"><input size=\"40\" maxlength=\"400\" class=\"wpcf7-form-control wpcf7-email wpcf7-validates-as-required wpcf7-text wpcf7-validates-as-email\" aria-required=\"true\" aria-invalid=\"false\" value=\"\" type=\"email\" name=\"your-email\" \/><\/span>\n<\/p>\n<p>Betreff\n<\/p>\n<p><span class=\"wpcf7-form-control-wrap\" data-name=\"your-subject\"><input size=\"40\" maxlength=\"400\" class=\"wpcf7-form-control wpcf7-text\" aria-invalid=\"false\" value=\"\" type=\"text\" name=\"your-subject\" \/><\/span>\n<\/p>\n<p>Ihre Nachricht\n<\/p>\n<p><span class=\"wpcf7-form-control-wrap\" data-name=\"your-message\"><textarea cols=\"40\" rows=\"10\" maxlength=\"2000\" class=\"wpcf7-form-control wpcf7-textarea\" aria-invalid=\"false\" name=\"your-message\"><\/textarea><\/span>\n<\/p>\n<p><span class=\"wpcf7-form-control-wrap\" data-name=\"checkbox-28\"><span class=\"wpcf7-form-control wpcf7-checkbox wpcf7-validates-as-required\"><span class=\"wpcf7-list-item first last\"><input type=\"checkbox\" name=\"checkbox-28[]\" value=\"Hiermit erteile ich gegen\u00fcber der Freiwilligen Feuerwehr Volkertshausen meine Einwilligung in die Verarbeitung der vorstehenden von mir angegebenen personenbezogenen Daten. Ich bin damit einverstanden, dass die von mir angegebenen personenbezogenen Daten verarbeitet werden, um meine Kontaktanfrage zu bearbeiten und mich zu diesem Zwecke zu kontaktieren (mehr dazu in der Datenschutzerkl\u00e4rung).\" \/><span class=\"wpcf7-list-item-label\">Hiermit erteile ich gegen\u00fcber der Freiwilligen Feuerwehr Volkertshausen meine Einwilligung in die Verarbeitung der vorstehenden von mir angegebenen personenbezogenen Daten. Ich bin damit einverstanden, dass die von mir angegebenen personenbezogenen Daten verarbeitet werden, um meine Kontaktanfrage zu bearbeiten und mich zu diesem Zwecke zu kontaktieren (mehr dazu in der Datenschutzerkl\u00e4rung).<\/span><\/span><\/span><\/span>\n<\/p>\n<p><input class=\"wpcf7-form-control wpcf7-submit has-spinner\" type=\"submit\" value=\"Senden\" \/>\n<\/p><div class=\"wpcf7-response-output\" aria-hidden=\"true\"><\/div>\n<\/form>\n<\/div>\n\n<h3>&nbsp;Standort Ger\u00e4tehaus Volkertshausen:<\/h3>\n<p><iframe loading=\"lazy\" src=\"http:\/\/maps.google.de\/maps?f=q&amp;source=s_q&amp;hl=de&amp;geocode=&amp;q=78269,+hegaustr.+6&amp;aq=&amp;sll=51.151786,10.415039&amp;sspn=26.688918,53.569336&amp;vpsrc=0&amp;ie=UTF8&amp;hq=&amp;hnear=Hegaustra%C3%9Fe+6,+78269+Volkertshausen,+Freiburg,+Baden-W%C3%BCrttemberg&amp;t=m&amp;ll=47.820071,8.868542&amp;spn=0.028816,0.051413&amp;z=14&amp;iwloc=A&amp;output=embed\" width=\"580\" height=\"500\" frameborder=\"0\" marginwidth=\"0\" marginheight=\"0\" scrolling=\"no\"><\/iframe><br \/>\n<small><a style=\"color: #0000ff; text-align: left;\" href=\"http:\/\/maps.google.de\/maps?f=q&amp;source=embed&amp;hl=de&amp;geocode=&amp;q=78269,+hegaustr.+6&amp;aq=&amp;sll=51.151786,10.415039&amp;sspn=26.688918,53.569336&amp;vpsrc=0&amp;ie=UTF8&amp;hq=&amp;hnear=Hegaustra%C3%9Fe+6,+78269+Volkertshausen,+Freiburg,+Baden-W%C3%BCrttemberg&amp;t=m&amp;ll=47.820071,8.868542&amp;spn=0.028816,0.051413&amp;z=14&amp;iwloc=A\">Gr\u00f6\u00dfere Kartenansicht<\/a><\/small><\/p>\n","protected":false},"excerpt":{"rendered":"<p>&nbsp;Standort Ger\u00e4tehaus Volkertshausen: Gr\u00f6\u00dfere Kartenansicht<\/p>\n","protected":false},"author":1,"featured_media":0,"parent":0,"menu_order":7,"comment_status":"closed","ping_status":"closed","template":"","meta":{"ngg_post_thumbnail":0,"footnotes":""},"class_list":["post-42","page","type-page","status-publish","hentry"],"_links":{"self":[{"href":"https:\/\/www.ffw-volkertshausen.de\/index.php?rest_route=\/wp\/v2\/pages\/42","targetHints":{"allow":["GET"]}}],"collection":[{"href":"https:\/\/www.ffw-volkertshausen.de\/index.php?rest_route=\/wp\/v2\/pages"}],"about":[{"href":"https:\/\/www.ffw-volkertshausen.de\/index.php?rest_route=\/wp\/v2\/types\/page"}],"author":[{"embeddable":true,"href":"https:\/\/www.ffw-volkertshausen.de\/index.php?rest_route=\/wp\/v2\/users\/1"}],"replies":[{"embeddable":true,"href":"https:\/\/www.ffw-volkertshausen.de\/index.php?rest_route=%2Fwp%2Fv2%2Fcomments&post=42"}],"version-history":[{"count":19,"href":"https:\/\/www.ffw-volkertshausen.de\/index.php?rest_route=\/wp\/v2\/pages\/42\/revisions"}],"predecessor-version":[{"id":1884,"href":"https:\/\/www.ffw-volkertshausen.de\/index.php?rest_route=\/wp\/v2\/pages\/42\/revisions\/1884"}],"wp:attachment":[{"href":"https:\/\/www.ffw-volkertshausen.de\/index.php?rest_route=%2Fwp%2Fv2%2Fmedia&parent=42"}],"curies":[{"name":"wp","href":"https:\/\/api.w.org\/{rel}","templated":true}]}}