{"id":274,"date":"2012-01-22T16:11:52","date_gmt":"2012-01-22T15:11:52","guid":{"rendered":"http:\/\/www.ffw-volkertshausen.de\/?page_id=274"},"modified":"2019-01-19T17:00:20","modified_gmt":"2019-01-19T16:00:20","slug":"florian-volkertshausen-119-2","status":"publish","type":"page","link":"https:\/\/www.ffw-volkertshausen.de\/?page_id=274","title":{"rendered":"MTW VW T4"},"content":{"rendered":"<p><a href=\"https:\/\/www.ffw-volkertshausen.de\/?page_id=955\">zur\u00fcck<\/a><img loading=\"lazy\" decoding=\"async\" class=\"wp-image-266 aligncenter\" src=\"https:\/\/www.ffw-volkertshausen.de\/wp-content\/uploads\/2012\/01\/MTW-1-19-2-650x487.jpg\" alt=\"\" width=\"514\" height=\"385\"><\/p>\n<table class=\" aligncenter\" border=\"0\" width=\"491\" cellpadding=\"0\">\n<thead>\n<tr>\n<td colspan=\"2\" width=\"594\">\n<p align=\"center\"><strong>MTW &#8211; Mannschaftstransportfahrzeug<\/strong><\/p>\n<\/td>\n<\/tr>\n<\/thead>\n<tbody>\n<tr>\n<td width=\"127\">Funkrufname:<\/td>\n<td width=\"465\">Florian Volkertshausen 1\/19\/2<\/td>\n<\/tr>\n<tr>\n<td width=\"127\">Hersteller:<\/td>\n<td width=\"465\">VW<\/td>\n<\/tr>\n<tr>\n<td width=\"127\">Typ:<\/td>\n<td>T4<\/td>\n<\/tr>\n<tr>\n<td>Aufbau:<\/td>\n<td>Ziegler<\/td>\n<\/tr>\n<tr>\n<td>Motorleistung:<\/td>\n<td>57 kW\/77 PS<\/td>\n<\/tr>\n<tr>\n<td>Baujahr:<\/td>\n<td>1998<\/td>\n<\/tr>\n<tr>\n<td>Au\u00dferdienststellung<\/td>\n<td>2018<\/td>\n<\/tr>\n<tr>\n<td>Aufgabe:<\/td>\n<td>\n<ul>\n<li>Transport von Mannschaft und Ger\u00e4ten zur Einsatzstelle<\/li>\n<\/ul>\n<\/td>\n<\/tr>\n<tr>\n<td>Besatzung:<\/td>\n<td>1+7<\/td>\n<\/tr>\n<tr>\n<td>Ausr\u00fcstung:<\/td>\n<td>\n<ul>\n<li>Material zur Verkehrssicherung<\/li>\n<li>Feuerl\u00f6scher<\/li>\n<li>Handlampen<\/li>\n<\/ul>\n<\/td>\n<\/tr>\n<\/tbody>\n<\/table>\nngg_shortcode_0_placeholder\n","protected":false},"excerpt":{"rendered":"<p>zur\u00fcck MTW &#8211; Mannschaftstransportfahrzeug Funkrufname: Florian Volkertshausen 1\/19\/2 Hersteller: VW Typ: T4 Aufbau: Ziegler Motorleistung: 57 kW\/77 PS Baujahr: 1998 Au\u00dferdienststellung 2018 Aufgabe: Transport von Mannschaft und Ger\u00e4ten zur Einsatzstelle Besatzung: 1+7 Ausr\u00fcstung: Material&#46;&#46;&#46;<\/p>\n","protected":false},"author":1,"featured_media":0,"parent":955,"menu_order":4,"comment_status":"closed","ping_status":"closed","template":"","meta":{"ngg_post_thumbnail":0,"footnotes":""},"class_list":["post-274","page","type-page","status-publish","hentry"],"_links":{"self":[{"href":"https:\/\/www.ffw-volkertshausen.de\/index.php?rest_route=\/wp\/v2\/pages\/274","targetHints":{"allow":["GET"]}}],"collection":[{"href":"https:\/\/www.ffw-volkertshausen.de\/index.php?rest_route=\/wp\/v2\/pages"}],"about":[{"href":"https:\/\/www.ffw-volkertshausen.de\/index.php?rest_route=\/wp\/v2\/types\/page"}],"author":[{"embeddable":true,"href":"https:\/\/www.ffw-volkertshausen.de\/index.php?rest_route=\/wp\/v2\/users\/1"}],"replies":[{"embeddable":true,"href":"https:\/\/www.ffw-volkertshausen.de\/index.php?rest_route=%2Fwp%2Fv2%2Fcomments&post=274"}],"version-history":[{"count":8,"href":"https:\/\/www.ffw-volkertshausen.de\/index.php?rest_route=\/wp\/v2\/pages\/274\/revisions"}],"predecessor-version":[{"id":1612,"href":"https:\/\/www.ffw-volkertshausen.de\/index.php?rest_route=\/wp\/v2\/pages\/274\/revisions\/1612"}],"up":[{"embeddable":true,"href":"https:\/\/www.ffw-volkertshausen.de\/index.php?rest_route=\/wp\/v2\/pages\/955"}],"wp:attachment":[{"href":"https:\/\/www.ffw-volkertshausen.de\/index.php?rest_route=%2Fwp%2Fv2%2Fmedia&parent=274"}],"curies":[{"name":"wp","href":"https:\/\/api.w.org\/{rel}","templated":true}]}}