{"id":271,"date":"2012-01-22T16:11:11","date_gmt":"2012-01-22T15:11:11","guid":{"rendered":"http:\/\/www.ffw-volkertshausen.de\/?page_id=271"},"modified":"2025-05-16T18:36:27","modified_gmt":"2025-05-16T16:36:27","slug":"florian-volkertshausen-119-1","status":"publish","type":"page","link":"https:\/\/www.ffw-volkertshausen.de\/?page_id=271","title":{"rendered":"MZF VW Crafter"},"content":{"rendered":"<p><a href=\"https:\/\/www.ffw-volkertshausen.de\/?page_id=59\">zur\u00fcck<\/a><\/p>\n<p><img decoding=\"async\" class=\"aligncenter\" src=\"https:\/\/www.ffw-volkertshausen.de\/wp-content\/uploads\/2021\/10\/MTW1_Bild3-650x433.jpeg\"><\/p>\n<table class=\" aligncenter\" border=\"0\" width=\"491\" cellpadding=\"0\">\n<thead>\n<tr>\n<td colspan=\"2\" width=\"594\">\n<p align=\"center\"><strong>MZF &#8211; Mehrzweckfahrzeug<\/strong><\/p>\n<\/td>\n<\/tr>\n<\/thead>\n<tbody>\n<tr>\n<td width=\"127\">Funkrufname:<\/td>\n<td width=\"465\">Florian Volkertshausen 1\/14<\/td>\n<\/tr>\n<tr>\n<td width=\"127\">Hersteller:<\/td>\n<td width=\"465\">VW<\/td>\n<\/tr>\n<tr>\n<td width=\"127\">Typ:<\/td>\n<td>Crafter<\/td>\n<\/tr>\n<tr>\n<td>Aufbau:<\/td>\n<td>Sch\u00e4fer<\/td>\n<\/tr>\n<tr>\n<td>Motorleistung:<\/td>\n<td>120 kW\/163 PS<\/td>\n<\/tr>\n<tr>\n<td>Baujahr:<\/td>\n<td>2012<\/td>\n<\/tr>\n<tr>\n<td>Aufgabe:<\/td>\n<td>\n<ul>\n<li>Fahrzeug des Einsatzleiters<\/li>\n<li>Einsatzleitung<\/li>\n<\/ul>\n<\/td>\n<\/tr>\n<tr>\n<td>Besatzung:<\/td>\n<td>1+7<\/td>\n<\/tr>\n<tr>\n<td>Ausr\u00fcstung:<\/td>\n<td>\n<ul>\n<li>Material zur Verkehrssicherung&nbsp;<\/li>\n<li>Feuerl\u00f6scher<\/li>\n<li>Handscheinwerfer<\/li>\n<li>Heckwarneinrichtung<\/li>\n<li>Umfeldbeleuchtung<\/li>\n<li>Werkzeug f\u00fcr die T\u00fcr Not\u00f6ffnung<\/li>\n<li>Material f\u00fcr den Einsatzleiter<\/li>\n<li>\u00dcberdruckbel\u00fcfter<\/li>\n<\/ul>\n<\/td>\n<\/tr>\n<\/tbody>\n<\/table>\nngg_shortcode_0_placeholder\n","protected":false},"excerpt":{"rendered":"<p>zur\u00fcck MZF &#8211; Mehrzweckfahrzeug Funkrufname: Florian Volkertshausen 1\/14 Hersteller: VW Typ: Crafter Aufbau: Sch\u00e4fer Motorleistung: 120 kW\/163 PS Baujahr: 2012 Aufgabe: Fahrzeug des Einsatzleiters Einsatzleitung Besatzung: 1+7 Ausr\u00fcstung: Material zur Verkehrssicherung&nbsp; Feuerl\u00f6scher Handscheinwerfer Heckwarneinrichtung&#46;&#46;&#46;<\/p>\n","protected":false},"author":1,"featured_media":0,"parent":59,"menu_order":5,"comment_status":"closed","ping_status":"closed","template":"","meta":{"ngg_post_thumbnail":0,"footnotes":""},"class_list":["post-271","page","type-page","status-publish","hentry"],"_links":{"self":[{"href":"https:\/\/www.ffw-volkertshausen.de\/index.php?rest_route=\/wp\/v2\/pages\/271","targetHints":{"allow":["GET"]}}],"collection":[{"href":"https:\/\/www.ffw-volkertshausen.de\/index.php?rest_route=\/wp\/v2\/pages"}],"about":[{"href":"https:\/\/www.ffw-volkertshausen.de\/index.php?rest_route=\/wp\/v2\/types\/page"}],"author":[{"embeddable":true,"href":"https:\/\/www.ffw-volkertshausen.de\/index.php?rest_route=\/wp\/v2\/users\/1"}],"replies":[{"embeddable":true,"href":"https:\/\/www.ffw-volkertshausen.de\/index.php?rest_route=%2Fwp%2Fv2%2Fcomments&post=271"}],"version-history":[{"count":13,"href":"https:\/\/www.ffw-volkertshausen.de\/index.php?rest_route=\/wp\/v2\/pages\/271\/revisions"}],"predecessor-version":[{"id":2117,"href":"https:\/\/www.ffw-volkertshausen.de\/index.php?rest_route=\/wp\/v2\/pages\/271\/revisions\/2117"}],"up":[{"embeddable":true,"href":"https:\/\/www.ffw-volkertshausen.de\/index.php?rest_route=\/wp\/v2\/pages\/59"}],"wp:attachment":[{"href":"https:\/\/www.ffw-volkertshausen.de\/index.php?rest_route=%2Fwp%2Fv2%2Fmedia&parent=271"}],"curies":[{"name":"wp","href":"https:\/\/api.w.org\/{rel}","templated":true}]}}