{"id":2159,"date":"2026-01-08T13:18:42","date_gmt":"2026-01-08T12:18:42","guid":{"rendered":"https:\/\/www.ffw-volkertshausen.de\/?page_id=2159"},"modified":"2026-03-24T21:39:22","modified_gmt":"2026-03-24T20:39:22","slug":"2026-2","status":"publish","type":"page","link":"https:\/\/www.ffw-volkertshausen.de\/?page_id=2159","title":{"rendered":"2026"},"content":{"rendered":"\n<table width=\"386\">\n<tbody>\n<tr>\n<td><strong>Nr. 01 &#8211; 08.01.2026 &#8211; 08:42 Uhr &#8211; B3 -&gt; B4 Alarmstufenerh\u00f6hung Dachstuhlbrand &#8211; Hauptstra\u00dfe<\/strong><\/td>\n<\/tr>\n<tr class=\"alt\">\n<td><strong>Nr. 02 &#8211; 08.01.2026 &#8211; 12:16 Uhr &#8211; URD2 (Unterst\u00fctzung Rettungsdienst) Personenrettung &#8211; Goethestra\u00dfe<\/strong><\/td>\n<\/tr>\n<tr>\n<td><strong>Nr. 03 &#8211; 30.01.2026 &#8211; 02:50 Uhr &#8211; B3 Geb\u00e4ude unklare Rauchentwicklung &#8211; \u00dcberlandhilfe Aach<br><\/strong><\/td>\n<\/tr>\n<tr>\n<td><strong>Nr. 04 &#8211; 13.02.2026 &#8211; 16:50 Uhr &#8211; H1 Baum \u00fcber Fahrbahn &#8211; M\u00fchlhauser Stra\u00dfe<\/strong><\/td>\n<\/tr>\n<tr>\n<td><strong>Nr. 05 &#8211; 13.03.2026 &#8211;&nbsp; 20:04 Uhr &#8211; B0 Erkundung &#8211; Friedenstra\u00dfe<\/strong><\/td>\n<\/tr>\n<tr>\n<td><strong>Nr. 06 &#8211; 17.03.2026 &#8211; 20:58 Uhr &#8211; H1 E-Call &#8211; Wiesenstra\u00dfe<\/strong><\/td>\n<\/tr>\n<\/tbody>\n<\/table>\n","protected":false},"excerpt":{"rendered":"<p>Nr. 01 &#8211; 08.01.2026 &#8211; 08:42 Uhr &#8211; B3 -&gt; B4 Alarmstufenerh\u00f6hung Dachstuhlbrand &#8211; Hauptstra\u00dfe Nr. 02 &#8211; 08.01.2026 &#8211; 12:16 Uhr &#8211; URD2 (Unterst\u00fctzung Rettungsdienst) Personenrettung &#8211; Goethestra\u00dfe Nr. 03 &#8211; 30.01.2026 &#8211;&#46;&#46;&#46;<\/p>\n","protected":false},"author":2,"featured_media":0,"parent":828,"menu_order":0,"comment_status":"closed","ping_status":"closed","template":"","meta":{"ngg_post_thumbnail":0,"footnotes":""},"class_list":["post-2159","page","type-page","status-publish","hentry"],"_links":{"self":[{"href":"https:\/\/www.ffw-volkertshausen.de\/index.php?rest_route=\/wp\/v2\/pages\/2159","targetHints":{"allow":["GET"]}}],"collection":[{"href":"https:\/\/www.ffw-volkertshausen.de\/index.php?rest_route=\/wp\/v2\/pages"}],"about":[{"href":"https:\/\/www.ffw-volkertshausen.de\/index.php?rest_route=\/wp\/v2\/types\/page"}],"author":[{"embeddable":true,"href":"https:\/\/www.ffw-volkertshausen.de\/index.php?rest_route=\/wp\/v2\/users\/2"}],"replies":[{"embeddable":true,"href":"https:\/\/www.ffw-volkertshausen.de\/index.php?rest_route=%2Fwp%2Fv2%2Fcomments&post=2159"}],"version-history":[{"count":5,"href":"https:\/\/www.ffw-volkertshausen.de\/index.php?rest_route=\/wp\/v2\/pages\/2159\/revisions"}],"predecessor-version":[{"id":2176,"href":"https:\/\/www.ffw-volkertshausen.de\/index.php?rest_route=\/wp\/v2\/pages\/2159\/revisions\/2176"}],"up":[{"embeddable":true,"href":"https:\/\/www.ffw-volkertshausen.de\/index.php?rest_route=\/wp\/v2\/pages\/828"}],"wp:attachment":[{"href":"https:\/\/www.ffw-volkertshausen.de\/index.php?rest_route=%2Fwp%2Fv2%2Fmedia&parent=2159"}],"curies":[{"name":"wp","href":"https:\/\/api.w.org\/{rel}","templated":true}]}}