{"id":2058,"date":"2024-02-02T08:34:52","date_gmt":"2024-02-02T07:34:52","guid":{"rendered":"https:\/\/www.ffw-volkertshausen.de\/?page_id=2058"},"modified":"2025-08-04T13:27:45","modified_gmt":"2025-08-04T11:27:45","slug":"2024-2","status":"publish","type":"page","link":"https:\/\/www.ffw-volkertshausen.de\/?page_id=2058","title":{"rendered":"2024"},"content":{"rendered":"\n<p><\/p>\n\n\n\n<p>&nbsp;<\/p>\n<table style=\"width: 99.6753%; height: 150px;\" width=\"386\">\n<tbody>\n<tr style=\"height: 24px;\">\n<td style=\"height: 10px; width: 1068.57px;\"><strong>Nr. 01 &#8211; 26.01.2024 &#8211; 11:54 Uhr &#8211; BMA2 Personenschutz &#8211; \u00dcberlandhilfe Aach<\/strong><\/td>\n<\/tr>\n<tr style=\"height: 20px;\">\n<td style=\"width: 1068.57px; height: 20px;\"><strong>Nr. 02 &#8211; 27.01.2024 &#8211; 09:12 Uhr &#8211; B3 Rauch aus Geb\u00e4ude &#8211; \u00dcberlandhilfe Aach<\/strong><\/td>\n<\/tr>\n<tr style=\"height: 20px;\">\n<td style=\"width: 1068.57px; height: 20px;\"><strong>Nr. 03 &#8211; 02.03.2024 &#8211; 13:48 Uhr &#8211; B3 Rauch im Geb\u00e4ude &#8211; Samariterweg<\/strong><strong><br><\/strong><\/td>\n<\/tr>\n<tr style=\"height: 20px;\">\n<td style=\"width: 1068.57px; height: 20px;\"><strong>Nr. 04 &#8211; 03.05.2024 &#8211; 11:58 Uhr &#8211; G1 \u00d6lspur &#8211; Hauptstr. \/ Friedenstr.<\/strong><\/td>\n<\/tr>\n<tr style=\"height: 20px;\">\n<td style=\"width: 1068.57px; height: 20px;\"><strong>Nr. 05 &#8211; 04.07.2024 &#8211; 18:38 Uhr &#8211; Informieren der Bev\u00f6lkerung aufgrund einer Verunreinigung des Trinkwassers<\/strong><\/td>\n<\/tr>\n<tr style=\"height: 20px;\">\n<td style=\"width: 1068.57px; height: 20px;\"><strong>Nr. 06 &#8211; 16.08.2024 &#8211; 14:01 Uhr &#8211; B1 brennt Fl\u00e4che klein &#8211; K6120 Volkertshausen -&gt; Schlatt unter Kr\u00e4hen<\/strong><\/td>\n<\/tr>\n<tr style=\"height: 20px;\">\n<td style=\"width: 1068.57px; height: 20px;\"><strong>Nr. 07 &#8211; 30.08.2024 &#8211; 13:18 Uhr &#8211; B1 Brand Roller &#8211; K6120 Volkertshausen -&gt; Wiechs&nbsp;<\/strong><\/td>\n<\/tr>\n<tr style=\"height: 20px;\">\n<td style=\"width: 1068.57px; height: 20px;\"><strong>Nr. 08 &#8211; 25.09.2024 &#8211; 16:52 Uhr &#8211; H1 Unterst\u00fctzung Rettungsdienst &#8211; Im Winkel<\/strong><\/td>\n<\/tr>\n<tr>\n<td style=\"width: 1068.57px;\"><strong>Nr. 09 &#8211; 30.10.2024 &#8211; 20:18 Uhr &#8211; BMA1 Haushaltsrauchmelder ohne Flammen\/Rauch\/Geruch &#8211; Hauptstr.<\/strong><\/td>\n<\/tr>\n<tr>\n<td style=\"width: 1068.57px;\"><strong>Nr. 10 &#8211; 10.11.2024 &#8211; 00:25 Uhr &#8211; URD2 Personenrettung \u00fcber Drehleiter&nbsp; -Wehristr.&nbsp;<\/strong><\/td>\n<\/tr>\n<tr>\n<td style=\"width: 1068.57px;\"><strong>Nr. 11 &#8211; 27.11.2024 &#8211; 09:24 Uhr &#8211; H1 T\u00fcr Not\u00f6ffnung &#8211; Hauptstr.<\/strong><\/td>\n<\/tr>\n<\/tbody>\n<\/table>\n","protected":false},"excerpt":{"rendered":"<p>&nbsp; Nr. 01 &#8211; 26.01.2024 &#8211; 11:54 Uhr &#8211; BMA2 Personenschutz &#8211; \u00dcberlandhilfe Aach Nr. 02 &#8211; 27.01.2024 &#8211; 09:12 Uhr &#8211; B3 Rauch aus Geb\u00e4ude &#8211; \u00dcberlandhilfe Aach Nr. 03 &#8211; 02.03.2024 &#8211;&#46;&#46;&#46;<\/p>\n","protected":false},"author":2,"featured_media":0,"parent":828,"menu_order":0,"comment_status":"closed","ping_status":"closed","template":"","meta":{"ngg_post_thumbnail":0,"footnotes":""},"class_list":["post-2058","page","type-page","status-publish","hentry"],"_links":{"self":[{"href":"https:\/\/www.ffw-volkertshausen.de\/index.php?rest_route=\/wp\/v2\/pages\/2058","targetHints":{"allow":["GET"]}}],"collection":[{"href":"https:\/\/www.ffw-volkertshausen.de\/index.php?rest_route=\/wp\/v2\/pages"}],"about":[{"href":"https:\/\/www.ffw-volkertshausen.de\/index.php?rest_route=\/wp\/v2\/types\/page"}],"author":[{"embeddable":true,"href":"https:\/\/www.ffw-volkertshausen.de\/index.php?rest_route=\/wp\/v2\/users\/2"}],"replies":[{"embeddable":true,"href":"https:\/\/www.ffw-volkertshausen.de\/index.php?rest_route=%2Fwp%2Fv2%2Fcomments&post=2058"}],"version-history":[{"count":15,"href":"https:\/\/www.ffw-volkertshausen.de\/index.php?rest_route=\/wp\/v2\/pages\/2058\/revisions"}],"predecessor-version":[{"id":2135,"href":"https:\/\/www.ffw-volkertshausen.de\/index.php?rest_route=\/wp\/v2\/pages\/2058\/revisions\/2135"}],"up":[{"embeddable":true,"href":"https:\/\/www.ffw-volkertshausen.de\/index.php?rest_route=\/wp\/v2\/pages\/828"}],"wp:attachment":[{"href":"https:\/\/www.ffw-volkertshausen.de\/index.php?rest_route=%2Fwp%2Fv2%2Fmedia&parent=2058"}],"curies":[{"name":"wp","href":"https:\/\/api.w.org\/{rel}","templated":true}]}}