{"id":1968,"date":"2022-01-26T22:25:59","date_gmt":"2022-01-26T21:25:59","guid":{"rendered":"http:\/\/www.ffw-volkertshausen.de\/?page_id=1968"},"modified":"2022-11-17T07:49:44","modified_gmt":"2022-11-17T06:49:44","slug":"2022-2","status":"publish","type":"page","link":"https:\/\/www.ffw-volkertshausen.de\/?page_id=1968","title":{"rendered":"2022"},"content":{"rendered":"\n<p>&nbsp;<\/p>\n<table style=\"width: 100%; height: 10px;\" width=\"386\">\n<tbody>\n<tr style=\"height: 24px;\">\n<td style=\"height: 10px; width: 99.5314%;\"><strong>Nr. 01 &#8211; 23.01.2022 &#8211; 21:34 Uhr &#8211; Brennende M\u00fclleimer \/ Feuer greift auf Garage \u00fcber &#8211; Schillerstr.<\/strong><\/td>\n<\/tr>\n<tr style=\"height: 24px;\">\n<td style=\"height: 10px; width: 99.5314%;\"><strong>Nr. 02 &#8211; 10.02.2022 &#8211; 09:55 Uhr &#8211; Brand Holzh\u00fctte&nbsp; &#8211; &#8222;Kabisland&#8220; K6120 Richtung Wiechs<\/strong><\/td>\n<\/tr>\n<tr>\n<td style=\"width: 99.5314%;\"><strong>Nr. 03 &#8211; 08.04.2022 &#8211; 15:55 Uhr &#8211; Baum h\u00e4ngt \u00fcber Gehweg &#8211; M\u00fchlhauser Str.<\/strong><\/td>\n<\/tr>\n<tr>\n<td style=\"width: 99.5314%;\"><strong>Nr. 04 &#8211; 22.04.2022 &#8211; 22:26 Uhr &#8211; \u00d6lspur nach Wildunfall &#8211; L189 Richtung Beuren<\/strong><\/td>\n<\/tr>\n<tr>\n<td style=\"width: 99.5314%;\"><strong>Nr. 05 &#8211; 09.05.2022 &#8211; 19:31 Uhr &#8211; Rauch aus dem Heizungskeller &#8211; Wehristr.<\/strong><\/td>\n<\/tr>\n<tr>\n<td style=\"width: 99.5314%;\"><strong>Nr. 06 &#8211; 14.05.2022 &#8211; 09:13 Uhr &#8211; \u00d6lspur &#8211; Schillerstr. \/ Langensteinerstr.<\/strong><\/td>\n<\/tr>\n<tr>\n<td style=\"width: 99.5314%;\"><strong>Nr. 07 &#8211; 14.09.2022 &#8211; 13:01 Uhr &#8211; ausgel\u00f6ster Haushaltsrauchmelder &#8211; Stei\u00dflingerstr.<\/strong><\/td>\n<\/tr>\n<tr>\n<td style=\"width: 99.5314%;\"><strong>Nr. 08 &#8211; 16.09.2022 &#8211; 20:10 Uhr &#8211; Garagenbrand &#8211; Langensteinerstr.<\/strong><\/td>\n<\/tr>\n<tr>\n<td style=\"width: 99.5314%;\"><strong>Nr. 09 &#8211; 11.10.2022 &#8211; 12:33 Uhr &#8211; \u00dcberlandhilfe T\u00fcr Not\u00f6ffnung &#8211; Aach<\/strong><\/td>\n<\/tr>\n<tr>\n<td style=\"width: 99.5314%;\"><strong>Nr. 10 &#8211; 27.10.2022 &#8211; 19:42 Uhr &#8211; \u00d6lspur &#8211; Hauptstr.<\/strong><\/td>\n<\/tr>\n<tr>\n<td style=\"width: 99.5314%;\"><strong>Nr. 11 &#8211; 16.11.2022 &#8211; 13:14 Uhr &#8211; \u00dcberlandhilfe Rauchentwicklung aus gekipptem Fenster &#8211; Aach<\/strong><\/td>\n<\/tr>\n<\/tbody>\n<\/table>\n","protected":false},"excerpt":{"rendered":"<p>&nbsp; Nr. 01 &#8211; 23.01.2022 &#8211; 21:34 Uhr &#8211; Brennende M\u00fclleimer \/ Feuer greift auf Garage \u00fcber &#8211; Schillerstr. Nr. 02 &#8211; 10.02.2022 &#8211; 09:55 Uhr &#8211; Brand Holzh\u00fctte&nbsp; &#8211; &#8222;Kabisland&#8220; K6120 Richtung Wiechs&#46;&#46;&#46;<\/p>\n","protected":false},"author":2,"featured_media":0,"parent":828,"menu_order":0,"comment_status":"closed","ping_status":"closed","template":"","meta":{"ngg_post_thumbnail":0,"footnotes":""},"class_list":["post-1968","page","type-page","status-publish","hentry"],"_links":{"self":[{"href":"https:\/\/www.ffw-volkertshausen.de\/index.php?rest_route=\/wp\/v2\/pages\/1968","targetHints":{"allow":["GET"]}}],"collection":[{"href":"https:\/\/www.ffw-volkertshausen.de\/index.php?rest_route=\/wp\/v2\/pages"}],"about":[{"href":"https:\/\/www.ffw-volkertshausen.de\/index.php?rest_route=\/wp\/v2\/types\/page"}],"author":[{"embeddable":true,"href":"https:\/\/www.ffw-volkertshausen.de\/index.php?rest_route=\/wp\/v2\/users\/2"}],"replies":[{"embeddable":true,"href":"https:\/\/www.ffw-volkertshausen.de\/index.php?rest_route=%2Fwp%2Fv2%2Fcomments&post=1968"}],"version-history":[{"count":14,"href":"https:\/\/www.ffw-volkertshausen.de\/index.php?rest_route=\/wp\/v2\/pages\/1968\/revisions"}],"predecessor-version":[{"id":2022,"href":"https:\/\/www.ffw-volkertshausen.de\/index.php?rest_route=\/wp\/v2\/pages\/1968\/revisions\/2022"}],"up":[{"embeddable":true,"href":"https:\/\/www.ffw-volkertshausen.de\/index.php?rest_route=\/wp\/v2\/pages\/828"}],"wp:attachment":[{"href":"https:\/\/www.ffw-volkertshausen.de\/index.php?rest_route=%2Fwp%2Fv2%2Fmedia&parent=1968"}],"curies":[{"name":"wp","href":"https:\/\/api.w.org\/{rel}","templated":true}]}}