{"id":1835,"date":"2021-03-22T14:53:11","date_gmt":"2021-03-22T13:53:11","guid":{"rendered":"http:\/\/www.ffw-volkertshausen.de\/?page_id=1835"},"modified":"2021-11-22T14:08:43","modified_gmt":"2021-11-22T13:08:43","slug":"2021-2","status":"publish","type":"page","link":"https:\/\/www.ffw-volkertshausen.de\/?page_id=1835","title":{"rendered":"2021"},"content":{"rendered":"\n<table style=\"width: 100%; height: 162px;\" width=\"386\">\n<tbody>\n<tr style=\"height: 24px;\">\n<td style=\"height: 24px; width: 99.5314%;\"><strong>Nr. 01 &#8211; 22.03.2021 &#8211; 20:24 Uhr &#8211; T\u00fcrnot\u00f6ffnung &#8211; Hauptstr.<br><\/strong><\/td>\n<\/tr>\n<tr style=\"height: 24px;\">\n<td style=\"height: 24px; width: 99.5314%;\"><strong>Nr. 02 &#8211; 10.04.2021 &#8211; 17:57 Uhr &#8211; Tierrettung- Hauptstr.<\/strong><\/td>\n<\/tr>\n<tr style=\"height: 22px;\">\n<td style=\"width: 99.5314%; height: 22px;\"><a href=\"https:\/\/www.ffw-volkertshausen.de\/?page_id=1856\"><strong>Nr. 03 &#8211; 11.04.2021 &#8211; 18:45 Uhr &#8211; Brennender Holzschopf &#8211; Im Harpel<\/strong><\/a><\/td>\n<\/tr>\n<tr style=\"height: 23px;\">\n<td style=\"width: 99.5314%; height: 23px;\"><strong>Nr. 04 &#8211; 22.04.2021 &#8211; 19:59 Uhr &#8211; Leicht verrauchte Wohnung durch Kaminofen &#8211; Hegaustr.<\/strong><\/td>\n<\/tr>\n<tr style=\"height: 23px;\">\n<td style=\"width: 99.5314%; height: 23px;\"><strong>Nr. 05 &#8211; 20.06.2021 &#8211; 19:32 Uhr &#8211; Wasser im Keller &#8211; Friedenstr.<\/strong><\/td>\n<\/tr>\n<tr style=\"height: 23px;\">\n<td style=\"width: 99.5314%; height: 23px;\"><strong>Nr. 06 &#8211; 23.06.2021 &#8211; 17:23 Uhr &#8211; Wasser im Keller &#8211; Uhlandstr.<\/strong><strong><br><\/strong><\/td>\n<\/tr>\n<tr style=\"height: 23px;\">\n<td style=\"width: 99.5314%; height: 23px;\"><strong>Nr. 07 &#8211; 29.06.2021 &#8211; 09:24 Uhr &#8211; T\u00fcrnot\u00f6ffnung &#8211; Im B\u00e4reloh<\/strong><\/td>\n<\/tr>\n<tr>\n<td style=\"width: 99.5314%;\"><strong>Nr. 08 &#8211; 08.07.2021 &#8211; 23:29 Uhr &#8211; \u00dcberlandhilfe Gro\u00dfschadenslage Unwetter &#8211; M\u00fchlhausen-Ehingen<\/strong><\/td>\n<\/tr>\n<tr>\n<td style=\"width: 99.5314%;\"><strong>Nr. 09 &#8211; 15.07.2021 &#8211; 23:20 Uhr &#8211; Wasser im Keller &#8211; Im Harpel<\/strong><\/td>\n<\/tr>\n<tr>\n<td style=\"width: 99.5314%;\"><strong>Nr. 10 &#8211; 24.07.2021 &#8211; 18:50 Uhr &#8211; PKW in der Aach &#8211; Friedenstr.<\/strong><\/td>\n<\/tr>\n<tr>\n<td style=\"width: 99.5314%;\"><strong>Nr. 11 &#8211; 11.11.2021 &#8211; 06:17 Uhr &#8211; Sonderlage &#8211; Ausfall der Notrufnummern 110\/112 Ger\u00e4tehaus besetzen<\/strong><\/td>\n<\/tr>\n<tr>\n<td style=\"width: 99.5314%;\"><a href=\"https:\/\/www.ffw-volkertshausen.de\/?page_id=1955\"><strong>Nr. 12 &#8211; 20.11.2021 &#8211; 06:57 Uhr &#8211; Verkehrsunfall &#8211; M\u00fchlhauserstr.&nbsp;<\/strong><\/a><\/td>\n<\/tr>\n<tr>\n<td style=\"width: 99.5314%;\"><strong>Nr. 13 &#8211; 22.11.2021 &#8211; 12:46 Uhr &#8211; ausgel\u00f6ster Haushaltsrauchmelder &#8211; M\u00fchlenstr.<\/strong><\/td>\n<\/tr>\n<\/tbody>\n<\/table>\n","protected":false},"excerpt":{"rendered":"<p>Nr. 01 &#8211; 22.03.2021 &#8211; 20:24 Uhr &#8211; T\u00fcrnot\u00f6ffnung &#8211; Hauptstr. Nr. 02 &#8211; 10.04.2021 &#8211; 17:57 Uhr &#8211; Tierrettung- Hauptstr. Nr. 03 &#8211; 11.04.2021 &#8211; 18:45 Uhr &#8211; Brennender Holzschopf &#8211; Im Harpel&#46;&#46;&#46;<\/p>\n","protected":false},"author":2,"featured_media":0,"parent":828,"menu_order":0,"comment_status":"closed","ping_status":"closed","template":"","meta":{"ngg_post_thumbnail":0,"footnotes":""},"class_list":["post-1835","page","type-page","status-publish","hentry"],"_links":{"self":[{"href":"https:\/\/www.ffw-volkertshausen.de\/index.php?rest_route=\/wp\/v2\/pages\/1835","targetHints":{"allow":["GET"]}}],"collection":[{"href":"https:\/\/www.ffw-volkertshausen.de\/index.php?rest_route=\/wp\/v2\/pages"}],"about":[{"href":"https:\/\/www.ffw-volkertshausen.de\/index.php?rest_route=\/wp\/v2\/types\/page"}],"author":[{"embeddable":true,"href":"https:\/\/www.ffw-volkertshausen.de\/index.php?rest_route=\/wp\/v2\/users\/2"}],"replies":[{"embeddable":true,"href":"https:\/\/www.ffw-volkertshausen.de\/index.php?rest_route=%2Fwp%2Fv2%2Fcomments&post=1835"}],"version-history":[{"count":18,"href":"https:\/\/www.ffw-volkertshausen.de\/index.php?rest_route=\/wp\/v2\/pages\/1835\/revisions"}],"predecessor-version":[{"id":1966,"href":"https:\/\/www.ffw-volkertshausen.de\/index.php?rest_route=\/wp\/v2\/pages\/1835\/revisions\/1966"}],"up":[{"embeddable":true,"href":"https:\/\/www.ffw-volkertshausen.de\/index.php?rest_route=\/wp\/v2\/pages\/828"}],"wp:attachment":[{"href":"https:\/\/www.ffw-volkertshausen.de\/index.php?rest_route=%2Fwp%2Fv2%2Fmedia&parent=1835"}],"curies":[{"name":"wp","href":"https:\/\/api.w.org\/{rel}","templated":true}]}}