{"id":1740,"date":"2020-02-22T18:30:31","date_gmt":"2020-02-22T17:30:31","guid":{"rendered":"http:\/\/www.ffw-volkertshausen.de\/?page_id=1740"},"modified":"2020-02-22T18:38:26","modified_gmt":"2020-02-22T17:38:26","slug":"22-02-20-abgestuerzter-gleitschirmflieger","status":"publish","type":"page","link":"https:\/\/www.ffw-volkertshausen.de\/?page_id=1740","title":{"rendered":"22.02.20 &#8211; Abgest\u00fcrzter Gleitschirmflieger"},"content":{"rendered":"\n<p><a href=\"https:\/\/www.ffw-volkertshausen.de\/?page_id=1732\">zur\u00fcck<\/a><\/p>\n<p style=\"text-align: left;\"><strong>Pressemitteilung<\/strong><\/p>\n<p style=\"text-align: left;\">Alarmierungszeit:&nbsp; 15:11<\/p>\n<p>Einsatzort: Waldst\u00fcck zwischen Volkertshausen und M\u00fchlhausen<\/p>\n<p>Alarmierungsstichwort: Gleitschirmflieger h\u00e4ngt im Baum<\/p>\n<p>Vorgefundene Lage \/ Ma\u00dfnahmen \/ T\u00e4tigkeiten:&nbsp;<br>Am Samstagmittag&nbsp; um kurz nach 15 Uhr wurde die Feuerwehr Volkertshausen zu einem abgest\u00fcrzten Gleitschirmflieger in dem Waldst\u00fcck zwischen Volkertshausen und M\u00fchlhausen alarmiert.&nbsp;<br>Vor Ort wurde das entsprechende Waldst\u00fcck durch uns abgesucht, sowie aus der Luft mit dem Rettungshubschrauber Christoph 11 und einem Hubschrauber der Polizei aus Stuttgart kontrolliert. Gl\u00fccklicherweise best\u00e4tigte sich die Meldung&nbsp; nicht und es konnte keine verletzte Person gefunden werden.&nbsp;<\/p>\n<p>Eingesetzte Kr\u00e4fte Feuerwehr Volkertshausen:&nbsp;<br>45 vor Ort<\/p>\n<p>Eingesetzte Fahrzeuge:&nbsp;<br><a href=\"https:\/\/www.ffw-volkertshausen.de\/?page_id=271\">1\/19-1<\/a>, <a href=\"https:\/\/www.ffw-volkertshausen.de\/?page_id=1589\">1\/19-2<\/a>, <a href=\"https:\/\/www.ffw-volkertshausen.de\/?page_id=839\">1\/43<\/a>, <a href=\"https:\/\/www.ffw-volkertshausen.de\/?page_id=278\">1\/74<\/a><\/p>\n<p>Einsatzdauer:&nbsp;<br>1,5 Stunden<\/p>\n<p>Mit vor Ort:&nbsp;<br>Polizei, Stellv. Kreisbrandmeister, Rettungsdienst, Notarzt, Rettungshubschrauber Christoph 11, Hubschrauber der Polizei<\/p>\n","protected":false},"excerpt":{"rendered":"<p>zur\u00fcck Pressemitteilung Alarmierungszeit:&nbsp; 15:11 Einsatzort: Waldst\u00fcck zwischen Volkertshausen und M\u00fchlhausen Alarmierungsstichwort: Gleitschirmflieger h\u00e4ngt im Baum Vorgefundene Lage \/ Ma\u00dfnahmen \/ T\u00e4tigkeiten:&nbsp;Am Samstagmittag&nbsp; um kurz nach 15 Uhr wurde die Feuerwehr Volkertshausen zu einem abgest\u00fcrzten&#46;&#46;&#46;<\/p>\n","protected":false},"author":2,"featured_media":0,"parent":1732,"menu_order":2,"comment_status":"closed","ping_status":"closed","template":"","meta":{"ngg_post_thumbnail":0,"footnotes":""},"class_list":["post-1740","page","type-page","status-publish","hentry"],"_links":{"self":[{"href":"https:\/\/www.ffw-volkertshausen.de\/index.php?rest_route=\/wp\/v2\/pages\/1740","targetHints":{"allow":["GET"]}}],"collection":[{"href":"https:\/\/www.ffw-volkertshausen.de\/index.php?rest_route=\/wp\/v2\/pages"}],"about":[{"href":"https:\/\/www.ffw-volkertshausen.de\/index.php?rest_route=\/wp\/v2\/types\/page"}],"author":[{"embeddable":true,"href":"https:\/\/www.ffw-volkertshausen.de\/index.php?rest_route=\/wp\/v2\/users\/2"}],"replies":[{"embeddable":true,"href":"https:\/\/www.ffw-volkertshausen.de\/index.php?rest_route=%2Fwp%2Fv2%2Fcomments&post=1740"}],"version-history":[{"count":3,"href":"https:\/\/www.ffw-volkertshausen.de\/index.php?rest_route=\/wp\/v2\/pages\/1740\/revisions"}],"predecessor-version":[{"id":1747,"href":"https:\/\/www.ffw-volkertshausen.de\/index.php?rest_route=\/wp\/v2\/pages\/1740\/revisions\/1747"}],"up":[{"embeddable":true,"href":"https:\/\/www.ffw-volkertshausen.de\/index.php?rest_route=\/wp\/v2\/pages\/1732"}],"wp:attachment":[{"href":"https:\/\/www.ffw-volkertshausen.de\/index.php?rest_route=%2Fwp%2Fv2%2Fmedia&parent=1740"}],"curies":[{"name":"wp","href":"https:\/\/api.w.org\/{rel}","templated":true}]}}