{"id":1676,"date":"2019-07-22T15:25:05","date_gmt":"2019-07-22T13:25:05","guid":{"rendered":"http:\/\/www.ffw-volkertshausen.de\/?page_id=1676"},"modified":"2019-08-29T15:23:31","modified_gmt":"2019-08-29T13:23:31","slug":"21-07-2019-kuechenbrand","status":"publish","type":"page","link":"https:\/\/www.ffw-volkertshausen.de\/?page_id=1676","title":{"rendered":"21.07.2019 &#8211; K\u00fcchenbrand"},"content":{"rendered":"\n<p><a href=\"https:\/\/www.ffw-volkertshausen.de\/?page_id=1580\">zur\u00fcck<\/a><\/p>\n\n\n\n<p><strong>Pressemitteilung<\/strong><\/p>\n\n\n\n<p>Alarmierungszeit: 02:40 Uhr<\/p>\n\n\n\n<p>Einsatzort: Hauptstra\u00dfe<\/p>\n\n\n\n<p>Alarmierungsstichwort: Ausgel\u00f6ster Haushaltsrauchmelder \/ Person noch in der Wohnung<\/p>\n\n\n\n<p>Vorgefundene Lage \/ Ma\u00dfnahmen \/ T\u00e4tigkeiten:&nbsp;<\/p>\n\n\n\n<p>Am fr\u00fchen Sonntagmorgen wurden wir durch die Leitstelle zu einem ausgel\u00f6sten Haushaltsrauchmelder in die Hauptstra\u00dfe alarmiert. Vor Ort stellte sich dann heraus, dass die K\u00fcche bereits in voller Ausdehnung gebrannt hat. Ein Trupp unter PA l\u00f6schte rasch das Feuer und suchte die Wohnung nach weiteren Glutnestern ab. Ein weiterer Trupp unter PA kontrollierte das Dachgeschoss.<\/p>\n\n\n\n<p>Eingesetzte Kr\u00e4fte Feuerwehr Volkertshausen:&nbsp;<br> 25 vor Ort,&nbsp; <\/p>\n\n\n\n<p>Eingesetzte Fahrzeuge:&nbsp;<br><a href=\"https:\/\/www.ffw-volkertshausen.de\/?page_id=271\">1\/19-1<\/a>, <a href=\"https:\/\/www.ffw-volkertshausen.de\/?page_id=839\">1\/43<\/a>, <a href=\"https:\/\/www.ffw-volkertshausen.de\/?page_id=278\">1\/74<\/a><\/p>\n\n\n\n<p>Einsatzdauer:&nbsp;<br> 2 Stunden<\/p>\n\n\n\n<p>Mit vor Ort: <br>Rettungsdienst, Polizei<\/p>\n\n\n\n<p>siehe auch:<a href=\"https:\/\/www.presseportal.de\/blaulicht\/pm\/110973\/4328448\"> Polizeibericht<\/a><\/p>\n","protected":false},"excerpt":{"rendered":"<p>zur\u00fcck Pressemitteilung Alarmierungszeit: 02:40 Uhr Einsatzort: Hauptstra\u00dfe Alarmierungsstichwort: Ausgel\u00f6ster Haushaltsrauchmelder \/ Person noch in der Wohnung Vorgefundene Lage \/ Ma\u00dfnahmen \/ T\u00e4tigkeiten:&nbsp; Am fr\u00fchen Sonntagmorgen wurden wir durch die Leitstelle zu einem ausgel\u00f6sten Haushaltsrauchmelder&#46;&#46;&#46;<\/p>\n","protected":false},"author":2,"featured_media":0,"parent":1580,"menu_order":3,"comment_status":"closed","ping_status":"closed","template":"","meta":{"ngg_post_thumbnail":0,"footnotes":""},"class_list":["post-1676","page","type-page","status-publish","hentry"],"_links":{"self":[{"href":"https:\/\/www.ffw-volkertshausen.de\/index.php?rest_route=\/wp\/v2\/pages\/1676","targetHints":{"allow":["GET"]}}],"collection":[{"href":"https:\/\/www.ffw-volkertshausen.de\/index.php?rest_route=\/wp\/v2\/pages"}],"about":[{"href":"https:\/\/www.ffw-volkertshausen.de\/index.php?rest_route=\/wp\/v2\/types\/page"}],"author":[{"embeddable":true,"href":"https:\/\/www.ffw-volkertshausen.de\/index.php?rest_route=\/wp\/v2\/users\/2"}],"replies":[{"embeddable":true,"href":"https:\/\/www.ffw-volkertshausen.de\/index.php?rest_route=%2Fwp%2Fv2%2Fcomments&post=1676"}],"version-history":[{"count":3,"href":"https:\/\/www.ffw-volkertshausen.de\/index.php?rest_route=\/wp\/v2\/pages\/1676\/revisions"}],"predecessor-version":[{"id":1688,"href":"https:\/\/www.ffw-volkertshausen.de\/index.php?rest_route=\/wp\/v2\/pages\/1676\/revisions\/1688"}],"up":[{"embeddable":true,"href":"https:\/\/www.ffw-volkertshausen.de\/index.php?rest_route=\/wp\/v2\/pages\/1580"}],"wp:attachment":[{"href":"https:\/\/www.ffw-volkertshausen.de\/index.php?rest_route=%2Fwp%2Fv2%2Fmedia&parent=1676"}],"curies":[{"name":"wp","href":"https:\/\/api.w.org\/{rel}","templated":true}]}}