{"id":1580,"date":"2019-01-19T16:15:59","date_gmt":"2019-01-19T15:15:59","guid":{"rendered":"http:\/\/www.ffw-volkertshausen.de\/?page_id=1580"},"modified":"2020-12-13T15:20:09","modified_gmt":"2020-12-13T14:20:09","slug":"2019-2","status":"publish","type":"page","link":"https:\/\/www.ffw-volkertshausen.de\/?page_id=1580","title":{"rendered":"2019"},"content":{"rendered":"<table style=\"height: 10px;\" width=\"386\">\n<tbody>\n<tr style=\"height: 47px;\">\n<td style=\"width: 376.444px; text-align: center; height: 10px;\"><strong>Nr. 01 &#8211; 17.01.2019 &#8211; 18:51 Uhr &#8211;&nbsp; T\u00fcr Not\u00f6ffnung &#8211; M\u00fchlenstra\u00dfe<\/strong><\/td>\n<\/tr>\n<tr>\n<td style=\"width: 376.444px; text-align: center;\"><a href=\"https:\/\/www.ffw-volkertshausen.de\/?page_id=1639\"><strong>Nr. 02 &#8211; 13.02.2019 &#8211; 06:55 Uhr &#8211;&nbsp; Verkehrsunfall &#8211; Verbindungsstra\u00dfe zwischen Volkertshausen und Ehingen<\/strong><\/a><\/td>\n<\/tr>\n<tr>\n<td style=\"width: 376.444px; text-align: center;\"><strong>Nr. 03 &#8211; 16.02.2019 &#8211; 21:52 Uhr &#8211; unklare Rauchentwicklung &#8211; M\u00fchlenstra\u00dfe&nbsp;<\/strong><\/td>\n<\/tr>\n<tr>\n<td style=\"width: 376.444px; text-align: center;\"><strong>Nr. 04 &#8211; 01.03.2019 &#8211; 02:28 Uhr &#8211;&nbsp; T\u00fcr Not\u00f6ffnung &#8211; Langensteinerstra\u00dfe<\/strong><\/td>\n<\/tr>\n<tr>\n<td style=\"width: 376.444px; text-align: center;\"><a href=\"https:\/\/www.ffw-volkertshausen.de\/?page_id=1659\"><strong>Nr. 05 &#8211; 01.04.2019 &#8211; 07:01 Uhr &#8211;&nbsp; \u00d6lspur &#8211; Stei\u00dflingerstra\u00dfe<\/strong><\/a><\/td>\n<\/tr>\n<tr>\n<td style=\"width: 376.444px; text-align: center;\"><strong>Nr. 06 &#8211; 09.04.2019 &#8211; 08:06 Uhr &#8211;&nbsp; T\u00fcr Not\u00f6ffnung &#8211; M\u00fchlenstra\u00dfe<\/strong><strong><br \/>\n<\/strong><\/td>\n<\/tr>\n<tr>\n<td style=\"width: 376.444px; text-align: center;\"><a href=\"https:\/\/www.ffw-volkertshausen.de\/?page_id=1676\"><strong>Nr. 07 &#8211; 21.07.2019- 02:40 Uhr &#8211;&nbsp; K\u00fcchenbrand &#8211; Hauptstra\u00dfe<\/strong><\/a><\/td>\n<\/tr>\n<tr>\n<td style=\"width: 376.444px; text-align: center;\"><strong>Nr. 08 &#8211; 05.11.2019 &#8211; 06:39 Uhr &#8211;&nbsp; Baum \u00fcber Fahrbahn &#8211; Verbindungsstra\u00dfe zwischen Volkertshausen und Ehingen<\/strong><\/td>\n<\/tr>\n<tr>\n<td style=\"width: 376.444px; text-align: center;\"><strong>Nr. 09 &#8211; 05.11.2019 &#8211; 06:39 Uhr &#8211;&nbsp; \u00dcberlandhilfe Brand Kompostwerk &#8211; Singen<\/strong><\/td>\n<\/tr>\n<\/tbody>\n<\/table>\n<p>.<\/p>\n","protected":false},"excerpt":{"rendered":"<p>Nr. 01 &#8211; 17.01.2019 &#8211; 18:51 Uhr &#8211;&nbsp; T\u00fcr Not\u00f6ffnung &#8211; M\u00fchlenstra\u00dfe Nr. 02 &#8211; 13.02.2019 &#8211; 06:55 Uhr &#8211;&nbsp; Verkehrsunfall &#8211; Verbindungsstra\u00dfe zwischen Volkertshausen und Ehingen Nr. 03 &#8211; 16.02.2019 &#8211; 21:52 Uhr&#46;&#46;&#46;<\/p>\n","protected":false},"author":2,"featured_media":0,"parent":828,"menu_order":4,"comment_status":"closed","ping_status":"closed","template":"","meta":{"ngg_post_thumbnail":0,"footnotes":""},"class_list":["post-1580","page","type-page","status-publish","hentry"],"_links":{"self":[{"href":"https:\/\/www.ffw-volkertshausen.de\/index.php?rest_route=\/wp\/v2\/pages\/1580","targetHints":{"allow":["GET"]}}],"collection":[{"href":"https:\/\/www.ffw-volkertshausen.de\/index.php?rest_route=\/wp\/v2\/pages"}],"about":[{"href":"https:\/\/www.ffw-volkertshausen.de\/index.php?rest_route=\/wp\/v2\/types\/page"}],"author":[{"embeddable":true,"href":"https:\/\/www.ffw-volkertshausen.de\/index.php?rest_route=\/wp\/v2\/users\/2"}],"replies":[{"embeddable":true,"href":"https:\/\/www.ffw-volkertshausen.de\/index.php?rest_route=%2Fwp%2Fv2%2Fcomments&post=1580"}],"version-history":[{"count":16,"href":"https:\/\/www.ffw-volkertshausen.de\/index.php?rest_route=\/wp\/v2\/pages\/1580\/revisions"}],"predecessor-version":[{"id":1725,"href":"https:\/\/www.ffw-volkertshausen.de\/index.php?rest_route=\/wp\/v2\/pages\/1580\/revisions\/1725"}],"up":[{"embeddable":true,"href":"https:\/\/www.ffw-volkertshausen.de\/index.php?rest_route=\/wp\/v2\/pages\/828"}],"wp:attachment":[{"href":"https:\/\/www.ffw-volkertshausen.de\/index.php?rest_route=%2Fwp%2Fv2%2Fmedia&parent=1580"}],"curies":[{"name":"wp","href":"https:\/\/api.w.org\/{rel}","templated":true}]}}