{"id":1430,"date":"2018-01-04T16:34:03","date_gmt":"2018-01-04T15:34:03","guid":{"rendered":"http:\/\/www.ffw-volkertshausen.de\/?page_id=1430"},"modified":"2020-12-13T15:20:24","modified_gmt":"2020-12-13T14:20:24","slug":"2016-2","status":"publish","type":"page","link":"https:\/\/www.ffw-volkertshausen.de\/?page_id=1430","title":{"rendered":"2016"},"content":{"rendered":"<table style=\"height: 589px;\" width=\"784\">\n<tbody>\n<tr>\n<td style=\"width: 775.2px;\"><strong>Nr. 01 &#8211; 27.03.2016 &#8211; 14:05 Uhr &#8211; T\u00fcr Not\u00f6ffnung &#8211; Hauptstra\u00dfe<\/strong><\/td>\n<\/tr>\n<tr>\n<td style=\"width: 775.2px;\"><strong>Nr. 02 &#8211; 09.04.2016 &#8211; 09:19 Uhr &#8211; \u00dcberlandhilfe &#8211; Hydraulikschlauch an LKW gerissen &#8211; Singener Stra\u00dfe Aach&nbsp;<\/strong><\/td>\n<\/tr>\n<tr>\n<td style=\"width: 775.2px;\"><strong>Nr. 03 &#8211; 24.06.2016 &#8211; 22:55 Uhr &#8211; mehrere Unwettereins\u00e4tze<\/strong><\/td>\n<\/tr>\n<tr>\n<td style=\"width: 775.2px;\"><strong>Nr. 04 &#8211; 29.06.2016 &#8211; 15:18 Uhr &#8211; ausgel\u00f6ster Haushaltsrauchmelder &#8211; Wehristra\u00dfe<\/strong><\/td>\n<\/tr>\n<tr>\n<td style=\"width: 775.2px;\"><strong>&nbsp;Nr. 05 &#8211; 10.07.2016 &#8211; 18:18 Uhr &#8211; Fl\u00e4chenbrand &#8211; oberer Reuteberg<\/strong><\/td>\n<\/tr>\n<tr>\n<td style=\"width: 775.2px;\"><strong>Nr. 06 &#8211; 25.07.2016 &#8211; 22:27 Uhr &#8211; PKW Unfall Betriebsstoffe laufen ins Erdreich &#8211; Buchenweg \/ M\u00fchlhauser Stra\u00dfe<\/strong><\/td>\n<\/tr>\n<tr>\n<td style=\"width: 775.2px;\"><strong>Nr. 07 &#8211; 12.08.2016 &#8211; 17:38 Uhr &#8211; Heckenbrand &#8211; M\u00fchlhauser Stra\u00dfe&nbsp;<\/strong><\/td>\n<\/tr>\n<tr>\n<td style=\"width: 775.2px;\"><strong>Nr. 08 &#8211; 31.08.2016 &#8211; 10:54 Uhr &#8211; \u00dcberlandhilfe &#8211; T\u00fcr Not\u00f6ffnung &#8211; M\u00fchlenstra\u00dfe Aach<\/strong><\/td>\n<\/tr>\n<tr>\n<td style=\"width: 775.2px;\"><strong>Nr. 09 &#8211; 02.09.2016 &#8211; 23:53 Uhr &#8211; Wassereinbruch im Tiefbrunnen&nbsp;<\/strong><\/td>\n<\/tr>\n<tr>\n<td style=\"width: 775.2px;\"><strong>Nr. 10 &#8211; 09.11.2016 &#8211; 11:16 Uhr &#8211; T\u00fcr Not\u00f6ffnung &#8211; Stei\u00dflinger Stra\u00dfe&nbsp;<\/strong><\/td>\n<\/tr>\n<\/tbody>\n<\/table>\n<p>&nbsp;<\/p>\n<p><img loading=\"lazy\" decoding=\"async\" class=\"size-full wp-image-1448 aligncenter\" src=\"https:\/\/www.ffw-volkertshausen.de\/wp-content\/uploads\/2018\/01\/Einsatzdiagramme-2016.png\" alt=\"\" width=\"674\" height=\"701\" srcset=\"https:\/\/www.ffw-volkertshausen.de\/wp-content\/uploads\/2018\/01\/Einsatzdiagramme-2016.png 674w, https:\/\/www.ffw-volkertshausen.de\/wp-content\/uploads\/2018\/01\/Einsatzdiagramme-2016-625x650.png 625w\" sizes=\"auto, (max-width: 674px) 100vw, 674px\" \/><\/p>\n","protected":false},"excerpt":{"rendered":"<p>Nr. 01 &#8211; 27.03.2016 &#8211; 14:05 Uhr &#8211; T\u00fcr Not\u00f6ffnung &#8211; Hauptstra\u00dfe Nr. 02 &#8211; 09.04.2016 &#8211; 09:19 Uhr &#8211; \u00dcberlandhilfe &#8211; Hydraulikschlauch an LKW gerissen &#8211; Singener Stra\u00dfe Aach&nbsp; Nr. 03 &#8211; 24.06.2016&#46;&#46;&#46;<\/p>\n","protected":false},"author":2,"featured_media":0,"parent":828,"menu_order":8,"comment_status":"closed","ping_status":"closed","template":"","meta":{"ngg_post_thumbnail":0,"footnotes":""},"class_list":["post-1430","page","type-page","status-publish","hentry"],"_links":{"self":[{"href":"https:\/\/www.ffw-volkertshausen.de\/index.php?rest_route=\/wp\/v2\/pages\/1430","targetHints":{"allow":["GET"]}}],"collection":[{"href":"https:\/\/www.ffw-volkertshausen.de\/index.php?rest_route=\/wp\/v2\/pages"}],"about":[{"href":"https:\/\/www.ffw-volkertshausen.de\/index.php?rest_route=\/wp\/v2\/types\/page"}],"author":[{"embeddable":true,"href":"https:\/\/www.ffw-volkertshausen.de\/index.php?rest_route=\/wp\/v2\/users\/2"}],"replies":[{"embeddable":true,"href":"https:\/\/www.ffw-volkertshausen.de\/index.php?rest_route=%2Fwp%2Fv2%2Fcomments&post=1430"}],"version-history":[{"count":4,"href":"https:\/\/www.ffw-volkertshausen.de\/index.php?rest_route=\/wp\/v2\/pages\/1430\/revisions"}],"predecessor-version":[{"id":1449,"href":"https:\/\/www.ffw-volkertshausen.de\/index.php?rest_route=\/wp\/v2\/pages\/1430\/revisions\/1449"}],"up":[{"embeddable":true,"href":"https:\/\/www.ffw-volkertshausen.de\/index.php?rest_route=\/wp\/v2\/pages\/828"}],"wp:attachment":[{"href":"https:\/\/www.ffw-volkertshausen.de\/index.php?rest_route=%2Fwp%2Fv2%2Fmedia&parent=1430"}],"curies":[{"name":"wp","href":"https:\/\/api.w.org\/{rel}","templated":true}]}}