{"id":13,"date":"2012-01-07T17:27:41","date_gmt":"2012-01-07T16:27:41","guid":{"rendered":"http:\/\/www.ffw-volkertshausen.de\/wpffw\/?page_id=13"},"modified":"2024-07-05T10:19:39","modified_gmt":"2024-07-05T08:19:39","slug":"uber-uns","status":"publish","type":"page","link":"https:\/\/www.ffw-volkertshausen.de\/?page_id=13","title":{"rendered":"\u00dcber uns"},"content":{"rendered":"<header id=\"branding\">\n<div class=\"page-title-wrap\">\n<div class=\"container clearfix\">\n<h1 id=\"entry-title\" class=\"page-title\" style=\"text-align: center;\">Freiwillige Feuerwehr Volkertshausen<\/h1>\n<p>&nbsp;<\/p>\n<\/div>\n<\/div>\n<\/header>\n<div id=\"main\">\n<div class=\"container clearfix\">\n<div id=\"content\">\n<section id=\"post-30\" class=\"post-30 page type-page status-publish has-post-thumbnail hentry\">\n<article>\n<div class=\"entry-content clearfix\">\n<table style=\"height: 189px; width: 100%;\" width=\"496\">\n<tbody>\n<tr style=\"height: 63px;\">\n<td style=\"width: 240px; height: 63px;\">\n<h4>Kommandant<\/h4>\n<\/td>\n<td style=\"width: 240px; height: 63px;\">\n<h4>Thiemo von Gillhau\u00dfen<\/h4>\n<\/td>\n<\/tr>\n<tr style=\"height: 63px;\">\n<td style=\"width: 240px; height: 63px;\">\n<h4>1. Stellvertretender Kommandant<\/h4>\n<\/td>\n<td style=\"width: 240px; height: 63px;\">\n<h4>Matthias Greuter<\/h4>\n<\/td>\n<\/tr>\n<tr style=\"height: 63px;\">\n<td style=\"width: 240px; height: 63px;\">\n<h4>2. Stellvertretender Kommandant<\/h4>\n<\/td>\n<td style=\"width: 240px; height: 63px;\">\n<h4>Robin Widemann<\/h4>\n<\/td>\n<\/tr>\n<\/tbody>\n<\/table>\n<h2>Gemeinde Volkertshausen<\/h2>\n<p>Volkertshausen liegt n\u00f6rdlich vom Bodensee im Hegau an der Radolfzeller Aach, etwa neun Kilometer von Singen (Hohentwiel) entfernt. Mit einer Gemarkungsfl\u00e4che von 514 Hektar ist Volkertshausen fl\u00e4chenm\u00e4\u00dfig die kleinste Gemeinde im Landkreis Konstanz. Volkertshausen hat 3.016 Einwohner (31.12.2015; 1960: ca. 1.400 Einwohner). Die Gemeinde grenzt im Norden an die Stadt Aach, im Osten an Stei\u00dflingen, im S\u00fcden an die Stadt Singen und im Westen an M\u00fchlhausen-Ehingen. Auf der Gemarkung liegt ebenfalls ein interkommunales Gewerbegebiet.<\/p>\n<h2>Aktuell<\/h2>\n<p>Die Feuerwehr Volkertshausen ist eine zu 100% ehrenamtlich organisierte Feuerwehr mit einer modernen Ausr\u00fcstung und einem hohen Ausbildungsniveau. Die Feuerwehr ist in drei Abteilungen untergliedert &#8211; die Jugendfeuerwehr, die Einsatzabteilung und die Altersabteilung.<\/p>\n<h3>Einsatzabteilung<\/h3>\n<p><img loading=\"lazy\" decoding=\"async\" class=\"alignnone size-full wp-image-1385\" src=\"https:\/\/www.ffw-volkertshausen.de\/wp-content\/uploads\/2012\/01\/X06B9749-e1511449928638.jpg\" alt=\"\" width=\"1500\" height=\"463\"><\/p>\n<p>Derzeit besteht die Einsatzabteilung aus 57 aktiven Kameraden, davon 6 Kameradinnen. J\u00e4hrlich hat die Feuerwehr Volkertshausen circa 10 Eins\u00e4tze. Die Proben beginnen in der Regel jeden ersten und zweiten Montag im Monat um 20 Uhr im Ger\u00e4tehaus in der Hegaustra\u00dfe. Genauere Termine zu den Proben k\u00f6nnen Sie im <a href=\"https:\/\/www.ffw-volkertshausen.de\/?page_id=10\" target=\"_blank\" rel=\"noopener noreferrer\">Kalender<\/a> entnehmen.<\/p>\n<\/div>\n<h3>Jugendfeuerwehr<\/h3>\n<p><img loading=\"lazy\" decoding=\"async\" class=\"alignnone size-full wp-image-1387\" src=\"https:\/\/www.ffw-volkertshausen.de\/wp-content\/uploads\/2012\/01\/X06B9569_2-e1511450304575.jpg\" alt=\"\" width=\"1500\" height=\"1000\"><\/p>\n<p>Die Jugendfeuerwehr besteht derzeit aus 24 M\u00e4dchen und Jungen im Alter von 8 &#8211; 17 Jahren, 4 Jugendleiter\/innen und einem Jugendwart. Die Proben finden jeden Dienstag (au\u00dfer in den Schulferien) von 18 Uhr &#8211; 19:30 Uhr statt im Ger\u00e4tehaus in der Hegaustra\u00dfe statt.<\/p>\n<\/article>\n<h3>Altersabteilung<\/h3>\n<p>Die Altersabteilung besteht derzeit aus 14 ehemaligen Kameraden der Einsatzabteilung. Das Jahr im Verlauf besteht aus einzelnen Treffen der ehemalig aktiven Mitgliedern, zu dem unter anderem auch das allj\u00e4hrliche Treffen der Feuerwehrsenioren vom Landkreis Konstanz z\u00e4hlt.<\/p>\n<article>\n<div class=\"entry-content clearfix\">\n<p>Alle aktuellen Termine finden Sie unter folgendem Link: <a href=\"https:\/\/www.ffw-volkertshausen.de\/?page_id=10\" target=\"_blank\" rel=\"noopener noreferrer\">Termine der Feuerwehr Volkertshausen<\/a><\/p>\n<h2>Einsatzgebiet<\/h2>\n<p>Das haupts\u00e4chliche Einsatzgebiet umfasst die Gemarkung der Gemeinde Volkertshausen, sowie die angrenzenden Landstra\u00dfen. Auf Anforderung einer anderen Feuerwehr, wird die Feuerwehr Volkertshausen auch \u00fcber die Gemarkungsgrenzen hinaus im Rahmen der \u00dcberlandhilfe aktiv.<br \/>\nEine Besonderheit ist die interkommunale Zusammenarbeit zwischen den Feuerwehren der Stadt Aach und der Gemeinde Volkertshausen. Da sich der Arbeitsplatz vieler Kameraden\/innen nicht in der Gemeinde befindet, wird an Werktagen zwischen 7 und 17 Uhr bei einem Einsatz mit hoher Priorit\u00e4t automatisch beide Feuerwehren alarmiert. Gleiches gilt nat\u00fcrlich bei einem Einsatz auf der Gemarkung der Stadt Aach.<\/p>\n<p>&nbsp;<\/p>\n<\/div>\n<\/article>\n<\/section>\n<\/div>\n<\/div>\n<\/div>\n<p><iframe loading=\"lazy\" style=\"border: 0;\" src=\"https:\/\/www.google.com\/maps\/embed?pb=!1m18!1m12!1m3!1d21430.996116086!2d8.848762062964301!3d47.822649233514944!2m3!1f0!2f0!3f0!3m2!1i1024!2i768!4f13.1!3m3!1m2!1s0x479a7b50b6e4076f%3A0x41f6bb7a5df9a70!2sVolkertshausen!5e0!3m2!1sde!2sde!4v1510500532156\" width=\"600\" height=\"450\" frameborder=\"0\" allowfullscreen=\"allowfullscreen\"><\/iframe><\/p>\n<p>Stand: Dezember 2020<\/p>\n","protected":false},"excerpt":{"rendered":"<p>Freiwillige Feuerwehr Volkertshausen &nbsp; Kommandant Thiemo von Gillhau\u00dfen 1. Stellvertretender Kommandant Matthias Greuter 2. Stellvertretender Kommandant Robin Widemann Gemeinde Volkertshausen Volkertshausen liegt n\u00f6rdlich vom Bodensee im Hegau an der Radolfzeller Aach, etwa neun Kilometer&#46;&#46;&#46;<\/p>\n","protected":false},"author":1,"featured_media":0,"parent":0,"menu_order":6,"comment_status":"closed","ping_status":"closed","template":"","meta":{"ngg_post_thumbnail":0,"footnotes":""},"class_list":["post-13","page","type-page","status-publish","hentry"],"_links":{"self":[{"href":"https:\/\/www.ffw-volkertshausen.de\/index.php?rest_route=\/wp\/v2\/pages\/13","targetHints":{"allow":["GET"]}}],"collection":[{"href":"https:\/\/www.ffw-volkertshausen.de\/index.php?rest_route=\/wp\/v2\/pages"}],"about":[{"href":"https:\/\/www.ffw-volkertshausen.de\/index.php?rest_route=\/wp\/v2\/types\/page"}],"author":[{"embeddable":true,"href":"https:\/\/www.ffw-volkertshausen.de\/index.php?rest_route=\/wp\/v2\/users\/1"}],"replies":[{"embeddable":true,"href":"https:\/\/www.ffw-volkertshausen.de\/index.php?rest_route=%2Fwp%2Fv2%2Fcomments&post=13"}],"version-history":[{"count":18,"href":"https:\/\/www.ffw-volkertshausen.de\/index.php?rest_route=\/wp\/v2\/pages\/13\/revisions"}],"predecessor-version":[{"id":2077,"href":"https:\/\/www.ffw-volkertshausen.de\/index.php?rest_route=\/wp\/v2\/pages\/13\/revisions\/2077"}],"wp:attachment":[{"href":"https:\/\/www.ffw-volkertshausen.de\/index.php?rest_route=%2Fwp%2Fv2%2Fmedia&parent=13"}],"curies":[{"name":"wp","href":"https:\/\/api.w.org\/{rel}","templated":true}]}}