{"id":1016,"date":"2017-11-12T15:19:48","date_gmt":"2017-11-12T14:19:48","guid":{"rendered":"http:\/\/www.ffw-volkertshausen.de\/?page_id=1016"},"modified":"2020-12-13T15:20:14","modified_gmt":"2020-12-13T14:20:14","slug":"2017-2","status":"publish","type":"page","link":"https:\/\/www.ffw-volkertshausen.de\/?page_id=1016","title":{"rendered":"2018"},"content":{"rendered":"<table style=\"height: 29px;\" width=\"386\">\n<tbody>\n<tr>\n<td style=\"width: 376.8px; text-align: center;\"><strong>Nr. 01 &#8211; 03.01.2018 &#8211; 11:59 Uhr &#8211;&nbsp; mehrere B\u00e4ume \u00fcber Fahrbahn &#8211; M\u00fchlhauser Stra\u00dfe<\/strong><\/td>\n<\/tr>\n<tr>\n<td style=\"width: 376.8px; text-align: center;\"><strong>Nr. 02 &#8211; 11.02.2018 &#8211; 20:47 Uhr &#8211; Kaminofen dr\u00fcckt Abgase in Wohnraum &#8211; Weidenweg<\/strong><\/td>\n<\/tr>\n<tr>\n<td style=\"width: 376.8px; text-align: center;\"><a href=\"https:\/\/www.ffw-volkertshausen.de\/?page_id=1505\"><strong>Nr. 03 &#8211; 30.04.2018 &#8211; 16:31 Uhr &#8211; Buschbrand &#8211; M\u00fchlenstra\u00dfe<\/strong><\/a><\/td>\n<\/tr>\n<tr>\n<td style=\"width: 376.8px; text-align: center;\"><a href=\"https:\/\/www.ffw-volkertshausen.de\/?page_id=1540\"><strong>Nr. 04 &#8211; 17.06.2018 &#8211; 00:19 Uhr &#8211; Verkehrsunfall mit eingeklemmter Person &#8211; Ten-Brink-Stra\u00dfe<\/strong><\/a><\/td>\n<\/tr>\n<tr>\n<td style=\"width: 376.8px; text-align: center;\"><strong>Nr. 05 &#8211; 09.07.2018 &#8211; 10:01 Uhr &#8211; ausgel\u00f6ster Haushaltsrauchmelder &#8211; Kirchstra\u00dfe<\/strong><\/td>\n<\/tr>\n<tr>\n<td style=\"width: 376.8px; text-align: center;\"><strong>Nr. 06 &#8211; 29.09.2018 &#8211; 09:31 Uhr &#8211; brennende Hecke &#8211; Lindenweg<\/strong><\/td>\n<\/tr>\n<tr>\n<td style=\"width: 376.8px; text-align: center;\"><strong>Nr. 07 &#8211; 15.10.2018 &#8211; 16:08 Uhr &#8211; T\u00fcr Not\u00f6ffnung &#8211; Goethestra\u00dfe<\/strong><\/td>\n<\/tr>\n<\/tbody>\n<\/table>\n<p>&nbsp;<\/p>\n","protected":false},"excerpt":{"rendered":"<p>Nr. 01 &#8211; 03.01.2018 &#8211; 11:59 Uhr &#8211;&nbsp; mehrere B\u00e4ume \u00fcber Fahrbahn &#8211; M\u00fchlhauser Stra\u00dfe Nr. 02 &#8211; 11.02.2018 &#8211; 20:47 Uhr &#8211; Kaminofen dr\u00fcckt Abgase in Wohnraum &#8211; Weidenweg Nr. 03 &#8211; 30.04.2018&#46;&#46;&#46;<\/p>\n","protected":false},"author":2,"featured_media":0,"parent":828,"menu_order":6,"comment_status":"closed","ping_status":"closed","template":"","meta":{"ngg_post_thumbnail":0,"footnotes":""},"class_list":["post-1016","page","type-page","status-publish","hentry"],"_links":{"self":[{"href":"https:\/\/www.ffw-volkertshausen.de\/index.php?rest_route=\/wp\/v2\/pages\/1016","targetHints":{"allow":["GET"]}}],"collection":[{"href":"https:\/\/www.ffw-volkertshausen.de\/index.php?rest_route=\/wp\/v2\/pages"}],"about":[{"href":"https:\/\/www.ffw-volkertshausen.de\/index.php?rest_route=\/wp\/v2\/types\/page"}],"author":[{"embeddable":true,"href":"https:\/\/www.ffw-volkertshausen.de\/index.php?rest_route=\/wp\/v2\/users\/2"}],"replies":[{"embeddable":true,"href":"https:\/\/www.ffw-volkertshausen.de\/index.php?rest_route=%2Fwp%2Fv2%2Fcomments&post=1016"}],"version-history":[{"count":27,"href":"https:\/\/www.ffw-volkertshausen.de\/index.php?rest_route=\/wp\/v2\/pages\/1016\/revisions"}],"predecessor-version":[{"id":1559,"href":"https:\/\/www.ffw-volkertshausen.de\/index.php?rest_route=\/wp\/v2\/pages\/1016\/revisions\/1559"}],"up":[{"embeddable":true,"href":"https:\/\/www.ffw-volkertshausen.de\/index.php?rest_route=\/wp\/v2\/pages\/828"}],"wp:attachment":[{"href":"https:\/\/www.ffw-volkertshausen.de\/index.php?rest_route=%2Fwp%2Fv2%2Fmedia&parent=1016"}],"curies":[{"name":"wp","href":"https:\/\/api.w.org\/{rel}","templated":true}]}}